{"id":424,"date":"2019-11-29T06:50:34","date_gmt":"2019-11-29T03:50:34","guid":{"rendered":"https:\/\/etkiniz.eu\/english\/?page_id=424"},"modified":"2026-05-06T22:33:45","modified_gmt":"2026-05-06T19:33:45","slug":"home2","status":"publish","type":"page","link":"https:\/\/etkiniz.eu\/english\/","title":{"rendered":"HOME"},"content":{"rendered":"<style type=\"text\/css\"><\/style>\t\t<div data-elementor-type=\"wp-page\" data-elementor-id=\"424\" class=\"elementor elementor-424\" data-elementor-post-type=\"page\">\n\t\t\t\t\t\t<section class=\"elementor-section elementor-top-section elementor-element elementor-element-7f9da52e elementor-section-boxed elementor-section-height-default elementor-section-height-default\" data-id=\"7f9da52e\" data-element_type=\"section\" data-e-type=\"section\">\n\t\t\t\t\t\t<div class=\"elementor-container elementor-column-gap-default\">\n\t\t\t\t\t<div class=\"elementor-column elementor-col-100 elementor-top-column elementor-element elementor-element-2528fc9a\" data-id=\"2528fc9a\" data-element_type=\"column\" data-e-type=\"column\">\n\t\t\t<div class=\"elementor-widget-wrap\">\n\t\t\t\t\t\t\t<\/div>\n\t\t<\/div>\n\t\t\t\t\t<\/div>\n\t\t<\/section>\n\t\t\t\t<section class=\"elementor-section elementor-top-section elementor-element elementor-element-77e58946 elementor-section-stretched elementor-section-boxed elementor-section-height-default elementor-section-height-default\" data-id=\"77e58946\" data-element_type=\"section\" data-e-type=\"section\" data-settings=\"{&quot;stretch_section&quot;:&quot;section-stretched&quot;,&quot;shape_divider_bottom&quot;:&quot;waves&quot;,&quot;background_background&quot;:&quot;video&quot;,&quot;background_video_link&quot;:&quot;https:\\\/\\\/etkiniz.eu\\\/wp-content\\\/uploads\\\/2019\\\/11\\\/Clouds-17723.mp4&quot;,&quot;background_play_on_mobile&quot;:&quot;yes&quot;}\">\n\t\t\t\t\t\t\t\t<div class=\"elementor-background-video-container\">\n\t\t\t\t\t\t\t\t\t\t\t\t\t<video class=\"elementor-background-video-hosted\" role=\"presentation\" autoplay muted playsinline loop><\/video>\n\t\t\t\t\t\t\t\t\t\t\t<\/div>\n\t\t\t\t\t\t\t\t\t<div class=\"elementor-background-overlay\"><\/div>\n\t\t\t\t\t\t<div class=\"elementor-shape elementor-shape-bottom\" aria-hidden=\"true\" data-negative=\"false\">\n\t\t\t<svg xmlns=\"http:\/\/www.w3.org\/2000\/svg\" viewBox=\"0 0 1000 100\" preserveAspectRatio=\"none\">\n\t<path class=\"elementor-shape-fill\" d=\"M421.9,6.5c22.6-2.5,51.5,0.4,75.5,5.3c23.6,4.9,70.9,23.5,100.5,35.7c75.8,32.2,133.7,44.5,192.6,49.7\n\tc23.6,2.1,48.7,3.5,103.4-2.5c54.7-6,106.2-25.6,106.2-25.6V0H0v30.3c0,0,72,32.6,158.4,30.5c39.2-0.7,92.8-6.7,134-22.4\n\tc21.2-8.1,52.2-18.2,79.7-24.2C399.3,7.9,411.6,7.5,421.9,6.5z\"\/>\n<\/svg>\t\t<\/div>\n\t\t\t\t\t<div class=\"elementor-container elementor-column-gap-default\">\n\t\t\t\t\t<div class=\"elementor-column elementor-col-100 elementor-top-column elementor-element elementor-element-3699a2a7\" data-id=\"3699a2a7\" data-element_type=\"column\" data-e-type=\"column\">\n\t\t\t<div class=\"elementor-widget-wrap\">\n\t\t\t\t\t\t\t<\/div>\n\t\t<\/div>\n\t\t\t\t\t<\/div>\n\t\t<\/section>\n\t\t\t\t<section class=\"elementor-section elementor-top-section elementor-element elementor-element-51bf85eb elementor-section-stretched elementor-section-boxed elementor-section-height-default elementor-section-height-default\" data-id=\"51bf85eb\" data-element_type=\"section\" data-e-type=\"section\" data-settings=\"{&quot;stretch_section&quot;:&quot;section-stretched&quot;,&quot;background_background&quot;:&quot;classic&quot;,&quot;animation&quot;:&quot;none&quot;}\">\n\t\t\t\t\t\t\t<div class=\"elementor-background-overlay\"><\/div>\n\t\t\t\t\t\t\t<div class=\"elementor-container elementor-column-gap-default\">\n\t\t\t\t\t<div class=\"elementor-column elementor-col-100 elementor-top-column elementor-element elementor-element-3d6c1f4d\" data-id=\"3d6c1f4d\" data-element_type=\"column\" data-e-type=\"column\">\n\t\t\t<div class=\"elementor-widget-wrap elementor-element-populated\">\n\t\t\t\t\t\t<div class=\"elementor-element elementor-element-65aefc4e text-center elementor-invisible elementor-widget elementor-widget-image\" data-id=\"65aefc4e\" data-element_type=\"widget\" data-e-type=\"widget\" data-settings=\"{&quot;_animation&quot;:&quot;fadeInDown&quot;}\" data-widget_type=\"image.default\">\n\t\t\t\t<div class=\"elementor-widget-container\">\n\t\t\t\t\t\t\t\t\t\t\t\t\t\t\t<img decoding=\"async\" width=\"200\" height=\"219\" src=\"https:\/\/etkiniz.eu\/english\/wp-content\/uploads\/sites\/2\/2026\/04\/2026-etkiniz_maskot200.png\" class=\"attachment-full size-full wp-image-1223\" alt=\"\" \/>\t\t\t\t\t\t\t\t\t\t\t\t\t\t\t<\/div>\n\t\t\t\t<\/div>\n\t\t\t\t<div class=\"elementor-element elementor-element-648c6140 elementor-invisible elementor-widget elementor-widget-text-editor\" data-id=\"648c6140\" data-element_type=\"widget\" data-e-type=\"widget\" data-settings=\"{&quot;_animation&quot;:&quot;fadeIn&quot;}\" data-widget_type=\"text-editor.default\">\n\t\t\t\t<div class=\"elementor-widget-container\">\n\t\t\t\t\t\t\t\t\t<p>WHAT IS ETKINIZ EU PROGRAMME?<\/p>\t\t\t\t\t\t\t\t<\/div>\n\t\t\t\t<\/div>\n\t\t\t\t<div class=\"elementor-element elementor-element-18880832 animated-slow elementor-invisible elementor-widget elementor-widget-text-editor\" data-id=\"18880832\" data-element_type=\"widget\" data-e-type=\"widget\" data-settings=\"{&quot;_animation&quot;:&quot;fadeIn&quot;}\" data-widget_type=\"text-editor.default\">\n\t\t\t\t<div class=\"elementor-widget-container\">\n\t\t\t\t\t\t\t\t\t<p>Etkiniz is a European Union programme dedicated to supporting civil society organisations involved in human rights monitoring and advocacy in T\u00fcrkiye.<\/p>\t\t\t\t\t\t\t\t<\/div>\n\t\t\t\t<\/div>\n\t\t\t\t<div class=\"elementor-element elementor-element-59edf487 elementor-align-center text-center elementor-invisible elementor-widget elementor-widget-button\" data-id=\"59edf487\" data-element_type=\"widget\" data-e-type=\"widget\" data-settings=\"{&quot;_animation&quot;:&quot;fadeInUp&quot;}\" data-widget_type=\"button.default\">\n\t\t\t\t<div class=\"elementor-widget-container\">\n\t\t\t\t\t\t\t\t\t<div class=\"elementor-button-wrapper\">\n\t\t\t\t\t<a class=\"elementor-button elementor-button-link elementor-size-lg\" href=\"https:\/\/etkiniz.eu\/english\/about-us\/\">\n\t\t\t\t\t\t<span class=\"elementor-button-content-wrapper\">\n\t\t\t\t\t\t\t\t\t<span class=\"elementor-button-text\">DETAILS<\/span>\n\t\t\t\t\t<\/span>\n\t\t\t\t\t<\/a>\n\t\t\t\t<\/div>\n\t\t\t\t\t\t\t\t<\/div>\n\t\t\t\t<\/div>\n\t\t\t\t\t<\/div>\n\t\t<\/div>\n\t\t\t\t\t<\/div>\n\t\t<\/section>\n\t\t\t\t<section class=\"elementor-section elementor-top-section elementor-element elementor-element-33306b5e elementor-section-stretched animated-slow elementor-section-height-min-height elementor-section-boxed elementor-section-height-default elementor-section-items-middle elementor-invisible\" data-id=\"33306b5e\" data-element_type=\"section\" data-e-type=\"section\" data-settings=\"{&quot;stretch_section&quot;:&quot;section-stretched&quot;,&quot;background_background&quot;:&quot;video&quot;,&quot;shape_divider_top&quot;:&quot;waves&quot;,&quot;background_video_link&quot;:&quot;https:\\\/\\\/etkiniz.eu\\\/wp-content\\\/uploads\\\/2019\\\/11\\\/Black-13495.mp4&quot;,&quot;shape_divider_bottom&quot;:&quot;waves&quot;,&quot;animation&quot;:&quot;fadeIn&quot;}\">\n\t\t\t\t\t\t\t\t<div class=\"elementor-background-video-container elementor-hidden-mobile\">\n\t\t\t\t\t\t\t\t\t\t\t\t\t<video class=\"elementor-background-video-hosted\" role=\"presentation\" autoplay muted playsinline loop><\/video>\n\t\t\t\t\t\t\t\t\t\t\t<\/div>\n\t\t\t\t\t\t\t\t\t<div class=\"elementor-background-overlay\"><\/div>\n\t\t\t\t\t\t<div class=\"elementor-shape elementor-shape-top\" aria-hidden=\"true\" data-negative=\"false\">\n\t\t\t<svg xmlns=\"http:\/\/www.w3.org\/2000\/svg\" viewBox=\"0 0 1000 100\" preserveAspectRatio=\"none\">\n\t<path class=\"elementor-shape-fill\" d=\"M421.9,6.5c22.6-2.5,51.5,0.4,75.5,5.3c23.6,4.9,70.9,23.5,100.5,35.7c75.8,32.2,133.7,44.5,192.6,49.7\n\tc23.6,2.1,48.7,3.5,103.4-2.5c54.7-6,106.2-25.6,106.2-25.6V0H0v30.3c0,0,72,32.6,158.4,30.5c39.2-0.7,92.8-6.7,134-22.4\n\tc21.2-8.1,52.2-18.2,79.7-24.2C399.3,7.9,411.6,7.5,421.9,6.5z\"\/>\n<\/svg>\t\t<\/div>\n\t\t\t\t<div class=\"elementor-shape elementor-shape-bottom\" aria-hidden=\"true\" data-negative=\"false\">\n\t\t\t<svg xmlns=\"http:\/\/www.w3.org\/2000\/svg\" viewBox=\"0 0 1000 100\" preserveAspectRatio=\"none\">\n\t<path class=\"elementor-shape-fill\" d=\"M421.9,6.5c22.6-2.5,51.5,0.4,75.5,5.3c23.6,4.9,70.9,23.5,100.5,35.7c75.8,32.2,133.7,44.5,192.6,49.7\n\tc23.6,2.1,48.7,3.5,103.4-2.5c54.7-6,106.2-25.6,106.2-25.6V0H0v30.3c0,0,72,32.6,158.4,30.5c39.2-0.7,92.8-6.7,134-22.4\n\tc21.2-8.1,52.2-18.2,79.7-24.2C399.3,7.9,411.6,7.5,421.9,6.5z\"\/>\n<\/svg>\t\t<\/div>\n\t\t\t\t\t<div class=\"elementor-container elementor-column-gap-default\">\n\t\t\t\t\t<div class=\"elementor-column elementor-col-100 elementor-top-column elementor-element elementor-element-39390a1e\" data-id=\"39390a1e\" data-element_type=\"column\" data-e-type=\"column\">\n\t\t\t<div class=\"elementor-widget-wrap elementor-element-populated\">\n\t\t\t\t\t\t<div class=\"elementor-element elementor-element-77db0cca animated-slow elementor-invisible elementor-widget elementor-widget-text-editor\" data-id=\"77db0cca\" data-element_type=\"widget\" data-e-type=\"widget\" data-settings=\"{&quot;_animation&quot;:&quot;fadeInUp&quot;}\" data-widget_type=\"text-editor.default\">\n\t\t\t\t<div class=\"elementor-widget-container\">\n\t\t\t\t\t\t\t\t\t<p>WHAT IS HUMAN RIGHTS MONITORING?<\/p>\t\t\t\t\t\t\t\t<\/div>\n\t\t\t\t<\/div>\n\t\t\t\t<div class=\"elementor-element elementor-element-58afa08 animated-slow elementor-invisible elementor-widget elementor-widget-text-editor\" data-id=\"58afa08\" data-element_type=\"widget\" data-e-type=\"widget\" data-settings=\"{&quot;_animation&quot;:&quot;fadeInUp&quot;}\" data-widget_type=\"text-editor.default\">\n\t\t\t\t<div class=\"elementor-widget-container\">\n\t\t\t\t\t\t\t\t\t<p><span style=\"text-align: justify;\">Etkiniz EU Programme defines human rights monitoring as a whole of \u201cdata collection, verification and advocacy for the purpose of improving human rights practices \u201d.<\/span><\/p>\t\t\t\t\t\t\t\t<\/div>\n\t\t\t\t<\/div>\n\t\t\t\t\t<\/div>\n\t\t<\/div>\n\t\t\t\t\t<\/div>\n\t\t<\/section>\n\t\t\t\t<section class=\"elementor-section elementor-top-section elementor-element elementor-element-298e5aa7 elementor-section-stretched animated-slow elementor-section-boxed elementor-section-height-default elementor-section-height-default\" data-id=\"298e5aa7\" data-element_type=\"section\" data-e-type=\"section\" data-settings=\"{&quot;stretch_section&quot;:&quot;section-stretched&quot;,&quot;background_background&quot;:&quot;classic&quot;,&quot;animation&quot;:&quot;none&quot;}\">\n\t\t\t\t\t\t<div class=\"elementor-container elementor-column-gap-default\">\n\t\t\t\t\t<div class=\"elementor-column elementor-col-100 elementor-top-column elementor-element elementor-element-253d21a8\" data-id=\"253d21a8\" data-element_type=\"column\" data-e-type=\"column\">\n\t\t\t<div class=\"elementor-widget-wrap elementor-element-populated\">\n\t\t\t\t\t\t<div class=\"elementor-element elementor-element-397c54e3 animated-slow elementor-invisible elementor-widget elementor-widget-text-editor\" data-id=\"397c54e3\" data-element_type=\"widget\" data-e-type=\"widget\" data-settings=\"{&quot;_animation&quot;:&quot;fadeInUp&quot;}\" data-widget_type=\"text-editor.default\">\n\t\t\t\t<div class=\"elementor-widget-container\">\n\t\t\t\t\t\t\t\t\t<p>WHAT ARE SUPPORT CATEGORIES<\/p>\t\t\t\t\t\t\t\t<\/div>\n\t\t\t\t<\/div>\n\t\t\t\t<div class=\"elementor-element elementor-element-5f695edf animated-slow elementor-invisible elementor-widget elementor-widget-text-editor\" data-id=\"5f695edf\" data-element_type=\"widget\" data-e-type=\"widget\" data-settings=\"{&quot;_animation&quot;:&quot;fadeInUp&quot;}\" data-widget_type=\"text-editor.default\">\n\t\t\t\t<div class=\"elementor-widget-container\">\n\t\t\t\t\t\t\t\t\t<p>The Etkiniz EU Programme continues its mission to empower organisations engaged in human rights monitoring. Applications to the new phase of the programme will be open in June 2026.<\/p>\t\t\t\t\t\t\t\t<\/div>\n\t\t\t\t<\/div>\n\t\t\t\t<div class=\"elementor-element elementor-element-acceb9 elementor-align-center text-center elementor-invisible elementor-widget elementor-widget-button\" data-id=\"acceb9\" data-element_type=\"widget\" data-e-type=\"widget\" data-settings=\"{&quot;_animation&quot;:&quot;fadeInUp&quot;}\" data-widget_type=\"button.default\">\n\t\t\t\t<div class=\"elementor-widget-container\">\n\t\t\t\t\t\t\t\t\t<div class=\"elementor-button-wrapper\">\n\t\t\t\t\t<a class=\"elementor-button elementor-button-link elementor-size-lg\" href=\"https:\/\/etkiniz.eu\/english\/supports\/\">\n\t\t\t\t\t\t<span class=\"elementor-button-content-wrapper\">\n\t\t\t\t\t\t\t\t\t<span class=\"elementor-button-text\">DETAILS<\/span>\n\t\t\t\t\t<\/span>\n\t\t\t\t\t<\/a>\n\t\t\t\t<\/div>\n\t\t\t\t\t\t\t\t<\/div>\n\t\t\t\t<\/div>\n\t\t\t\t\t<\/div>\n\t\t<\/div>\n\t\t\t\t\t<\/div>\n\t\t<\/section>\n\t\t\t\t<section class=\"elementor-section elementor-top-section elementor-element elementor-element-46dedc63 elementor-section-stretched elementor-section-height-min-height elementor-section-boxed elementor-section-height-default elementor-section-items-middle\" data-id=\"46dedc63\" data-element_type=\"section\" data-e-type=\"section\" data-settings=\"{&quot;stretch_section&quot;:&quot;section-stretched&quot;,&quot;background_background&quot;:&quot;classic&quot;,&quot;animation&quot;:&quot;none&quot;,&quot;shape_divider_top&quot;:&quot;waves&quot;}\">\n\t\t\t\t\t\t\t<div class=\"elementor-background-overlay\"><\/div>\n\t\t\t\t\t\t<div class=\"elementor-shape elementor-shape-top\" aria-hidden=\"true\" data-negative=\"false\">\n\t\t\t<svg xmlns=\"http:\/\/www.w3.org\/2000\/svg\" viewBox=\"0 0 1000 100\" preserveAspectRatio=\"none\">\n\t<path class=\"elementor-shape-fill\" d=\"M421.9,6.5c22.6-2.5,51.5,0.4,75.5,5.3c23.6,4.9,70.9,23.5,100.5,35.7c75.8,32.2,133.7,44.5,192.6,49.7\n\tc23.6,2.1,48.7,3.5,103.4-2.5c54.7-6,106.2-25.6,106.2-25.6V0H0v30.3c0,0,72,32.6,158.4,30.5c39.2-0.7,92.8-6.7,134-22.4\n\tc21.2-8.1,52.2-18.2,79.7-24.2C399.3,7.9,411.6,7.5,421.9,6.5z\"\/>\n<\/svg>\t\t<\/div>\n\t\t\t\t\t<div class=\"elementor-container elementor-column-gap-default\">\n\t\t\t\t\t<div class=\"elementor-column elementor-col-100 elementor-top-column elementor-element elementor-element-7aeb84cd\" data-id=\"7aeb84cd\" data-element_type=\"column\" data-e-type=\"column\">\n\t\t\t<div class=\"elementor-widget-wrap elementor-element-populated\">\n\t\t\t\t\t\t<div class=\"elementor-element elementor-element-390872f5 animated-slow elementor-invisible elementor-widget elementor-widget-text-editor\" data-id=\"390872f5\" data-element_type=\"widget\" data-e-type=\"widget\" data-settings=\"{&quot;_animation&quot;:&quot;fadeInUp&quot;}\" data-widget_type=\"text-editor.default\">\n\t\t\t\t<div class=\"elementor-widget-container\">\n\t\t\t\t\t\t\t\t\t<p><span style=\"color: #efc033;\"><strong>ETKINIZ SUPPORT DESK<\/strong><\/span><\/p>\t\t\t\t\t\t\t\t<\/div>\n\t\t\t\t<\/div>\n\t\t\t\t<div class=\"elementor-element elementor-element-22704609 animated-slow elementor-invisible elementor-widget elementor-widget-text-editor\" data-id=\"22704609\" data-element_type=\"widget\" data-e-type=\"widget\" data-settings=\"{&quot;_animation&quot;:&quot;fadeInUp&quot;}\" data-widget_type=\"text-editor.default\">\n\t\t\t\t<div class=\"elementor-widget-container\">\n\t\t\t\t\t\t\t\t\t<p><span style=\"color: #808080;\">You can contact us through the e-mail below.<\/span><\/p>\t\t\t\t\t\t\t\t<\/div>\n\t\t\t\t<\/div>\n\t\t\t\t<div class=\"elementor-element elementor-element-49729271 animated-slow elementor-invisible elementor-widget elementor-widget-text-editor\" data-id=\"49729271\" data-element_type=\"widget\" data-e-type=\"widget\" data-settings=\"{&quot;_animation&quot;:&quot;fadeInUp&quot;}\" data-widget_type=\"text-editor.default\">\n\t\t\t\t<div class=\"elementor-widget-container\">\n\t\t\t\t\t\t\t\t\t<p><span style=\"color: #efc033;\"><strong>E-mail<\/strong><\/span><\/p><p><span style=\"color: #808080;\">info@etkiniz.eu<\/span><\/p>\t\t\t\t\t\t\t\t<\/div>\n\t\t\t\t<\/div>\n\t\t\t\t\t<\/div>\n\t\t<\/div>\n\t\t\t\t\t<\/div>\n\t\t<\/section>\n\t\t\t\t<\/div>\n\t\t","protected":false},"excerpt":{"rendered":"<p>WHAT IS ETKINIZ EU PROGRAMME? Etkiniz is a European Union programme dedicated to supporting civil society organisations involved in human rights monitoring and advocacy in T\u00fcrkiye. DETAILS WHAT IS HUMAN RIGHTS MONITORING? Etkiniz EU Programme defines human rights monitoring as a whole of \u201cdata collection, verification and advocacy for the purpose of improving human rights&#8230;<\/p>\n","protected":false},"author":1,"featured_media":0,"parent":0,"menu_order":0,"comment_status":"closed","ping_status":"closed","template":"","meta":{"footnotes":""},"class_list":["post-424","page","type-page","status-publish","hentry"],"yoast_head":"<!-- This site is optimized with the Yoast SEO plugin v27.5 - https:\/\/yoast.com\/product\/yoast-seo-wordpress\/ -->\n<title>HOME - ETKINIZ EU PROGRAMME<\/title>\n<meta name=\"robots\" content=\"index, follow, max-snippet:-1, max-image-preview:large, max-video-preview:-1\" \/>\n<link rel=\"canonical\" href=\"https:\/\/etkiniz.eu\/english\/\" \/>\n<meta property=\"og:locale\" content=\"en_US\" \/>\n<meta property=\"og:type\" content=\"article\" \/>\n<meta property=\"og:title\" content=\"HOME - ETKINIZ EU PROGRAMME\" \/>\n<meta property=\"og:description\" content=\"WHAT IS ETKINIZ EU PROGRAMME? Etkiniz is a European Union programme dedicated to supporting civil society organisations involved in human rights monitoring and advocacy in T\u00fcrkiye. DETAILS WHAT IS HUMAN RIGHTS MONITORING? Etkiniz EU Programme defines human rights monitoring as a whole of \u201cdata collection, verification and advocacy for the purpose of improving human rights...\" \/>\n<meta property=\"og:url\" content=\"https:\/\/etkiniz.eu\/english\/\" \/>\n<meta property=\"og:site_name\" content=\"ETKINIZ EU PROGRAMME\" \/>\n<meta property=\"article:modified_time\" content=\"2026-05-06T19:33:45+00:00\" \/>\n<meta property=\"og:image\" content=\"https:\/\/etkiniz.eu\/english\/wp-content\/uploads\/sites\/2\/2026\/04\/2026-etkiniz_maskot200.png\" \/>\n\t<meta property=\"og:image:width\" content=\"200\" \/>\n\t<meta property=\"og:image:height\" content=\"219\" \/>\n\t<meta property=\"og:image:type\" content=\"image\/png\" \/>\n<meta name=\"twitter:card\" content=\"summary_large_image\" \/>\n<meta name=\"twitter:label1\" content=\"Est. reading time\" \/>\n\t<meta name=\"twitter:data1\" content=\"1 minute\" \/>\n<script type=\"application\/ld+json\" class=\"yoast-schema-graph\">{\"@context\":\"https:\\\/\\\/schema.org\",\"@graph\":[{\"@type\":\"WebPage\",\"@id\":\"https:\\\/\\\/etkiniz.eu\\\/english\\\/\",\"url\":\"https:\\\/\\\/etkiniz.eu\\\/english\\\/\",\"name\":\"HOME - ETKINIZ EU PROGRAMME\",\"isPartOf\":{\"@id\":\"https:\\\/\\\/etkiniz.eu\\\/english\\\/#website\"},\"primaryImageOfPage\":{\"@id\":\"https:\\\/\\\/etkiniz.eu\\\/english\\\/#primaryimage\"},\"image\":{\"@id\":\"https:\\\/\\\/etkiniz.eu\\\/english\\\/#primaryimage\"},\"thumbnailUrl\":\"https:\\\/\\\/etkiniz.eu\\\/english\\\/wp-content\\\/uploads\\\/sites\\\/2\\\/2026\\\/04\\\/2026-etkiniz_maskot200.png\",\"datePublished\":\"2019-11-29T03:50:34+00:00\",\"dateModified\":\"2026-05-06T19:33:45+00:00\",\"breadcrumb\":{\"@id\":\"https:\\\/\\\/etkiniz.eu\\\/english\\\/#breadcrumb\"},\"inLanguage\":\"en-US\",\"potentialAction\":[{\"@type\":\"ReadAction\",\"target\":[\"https:\\\/\\\/etkiniz.eu\\\/english\\\/\"]}]},{\"@type\":\"ImageObject\",\"inLanguage\":\"en-US\",\"@id\":\"https:\\\/\\\/etkiniz.eu\\\/english\\\/#primaryimage\",\"url\":\"https:\\\/\\\/etkiniz.eu\\\/english\\\/wp-content\\\/uploads\\\/sites\\\/2\\\/2026\\\/04\\\/2026-etkiniz_maskot200.png\",\"contentUrl\":\"https:\\\/\\\/etkiniz.eu\\\/english\\\/wp-content\\\/uploads\\\/sites\\\/2\\\/2026\\\/04\\\/2026-etkiniz_maskot200.png\",\"width\":200,\"height\":219},{\"@type\":\"BreadcrumbList\",\"@id\":\"https:\\\/\\\/etkiniz.eu\\\/english\\\/#breadcrumb\",\"itemListElement\":[{\"@type\":\"ListItem\",\"position\":1,\"name\":\"Ana sayfa\",\"item\":\"https:\\\/\\\/etkiniz.eu\\\/english\\\/\"},{\"@type\":\"ListItem\",\"position\":2,\"name\":\"HOME\"}]},{\"@type\":\"WebSite\",\"@id\":\"https:\\\/\\\/etkiniz.eu\\\/english\\\/#website\",\"url\":\"https:\\\/\\\/etkiniz.eu\\\/english\\\/\",\"name\":\"ETKINIZ EU PROGRAMME\",\"description\":\"Uluslararas\u0131 \u0130nsan Haklar\u0131 \u00c7er\u00e7evesine Uyumun \u0130zlenmesi\",\"potentialAction\":[{\"@type\":\"SearchAction\",\"target\":{\"@type\":\"EntryPoint\",\"urlTemplate\":\"https:\\\/\\\/etkiniz.eu\\\/english\\\/?s={search_term_string}\"},\"query-input\":{\"@type\":\"PropertyValueSpecification\",\"valueRequired\":true,\"valueName\":\"search_term_string\"}}],\"inLanguage\":\"en-US\"}]}<\/script>\n<!-- \/ Yoast SEO plugin. -->","yoast_head_json":{"title":"HOME - ETKINIZ EU PROGRAMME","robots":{"index":"index","follow":"follow","max-snippet":"max-snippet:-1","max-image-preview":"max-image-preview:large","max-video-preview":"max-video-preview:-1"},"canonical":"https:\/\/etkiniz.eu\/english\/","og_locale":"en_US","og_type":"article","og_title":"HOME - ETKINIZ EU PROGRAMME","og_description":"WHAT IS ETKINIZ EU PROGRAMME? Etkiniz is a European Union programme dedicated to supporting civil society organisations involved in human rights monitoring and advocacy in T\u00fcrkiye. DETAILS WHAT IS HUMAN RIGHTS MONITORING? Etkiniz EU Programme defines human rights monitoring as a whole of \u201cdata collection, verification and advocacy for the purpose of improving human rights...","og_url":"https:\/\/etkiniz.eu\/english\/","og_site_name":"ETKINIZ EU PROGRAMME","article_modified_time":"2026-05-06T19:33:45+00:00","og_image":[{"width":200,"height":219,"url":"https:\/\/etkiniz.eu\/english\/wp-content\/uploads\/sites\/2\/2026\/04\/2026-etkiniz_maskot200.png","type":"image\/png"}],"twitter_card":"summary_large_image","twitter_misc":{"Est. reading time":"1 minute"},"schema":{"@context":"https:\/\/schema.org","@graph":[{"@type":"WebPage","@id":"https:\/\/etkiniz.eu\/english\/","url":"https:\/\/etkiniz.eu\/english\/","name":"HOME - ETKINIZ EU PROGRAMME","isPartOf":{"@id":"https:\/\/etkiniz.eu\/english\/#website"},"primaryImageOfPage":{"@id":"https:\/\/etkiniz.eu\/english\/#primaryimage"},"image":{"@id":"https:\/\/etkiniz.eu\/english\/#primaryimage"},"thumbnailUrl":"https:\/\/etkiniz.eu\/english\/wp-content\/uploads\/sites\/2\/2026\/04\/2026-etkiniz_maskot200.png","datePublished":"2019-11-29T03:50:34+00:00","dateModified":"2026-05-06T19:33:45+00:00","breadcrumb":{"@id":"https:\/\/etkiniz.eu\/english\/#breadcrumb"},"inLanguage":"en-US","potentialAction":[{"@type":"ReadAction","target":["https:\/\/etkiniz.eu\/english\/"]}]},{"@type":"ImageObject","inLanguage":"en-US","@id":"https:\/\/etkiniz.eu\/english\/#primaryimage","url":"https:\/\/etkiniz.eu\/english\/wp-content\/uploads\/sites\/2\/2026\/04\/2026-etkiniz_maskot200.png","contentUrl":"https:\/\/etkiniz.eu\/english\/wp-content\/uploads\/sites\/2\/2026\/04\/2026-etkiniz_maskot200.png","width":200,"height":219},{"@type":"BreadcrumbList","@id":"https:\/\/etkiniz.eu\/english\/#breadcrumb","itemListElement":[{"@type":"ListItem","position":1,"name":"Ana sayfa","item":"https:\/\/etkiniz.eu\/english\/"},{"@type":"ListItem","position":2,"name":"HOME"}]},{"@type":"WebSite","@id":"https:\/\/etkiniz.eu\/english\/#website","url":"https:\/\/etkiniz.eu\/english\/","name":"ETKINIZ EU PROGRAMME","description":"Uluslararas\u0131 \u0130nsan Haklar\u0131 \u00c7er\u00e7evesine Uyumun \u0130zlenmesi","potentialAction":[{"@type":"SearchAction","target":{"@type":"EntryPoint","urlTemplate":"https:\/\/etkiniz.eu\/english\/?s={search_term_string}"},"query-input":{"@type":"PropertyValueSpecification","valueRequired":true,"valueName":"search_term_string"}}],"inLanguage":"en-US"}]}},"_links":{"self":[{"href":"https:\/\/etkiniz.eu\/english\/wp-json\/wp\/v2\/pages\/424","targetHints":{"allow":["GET"]}}],"collection":[{"href":"https:\/\/etkiniz.eu\/english\/wp-json\/wp\/v2\/pages"}],"about":[{"href":"https:\/\/etkiniz.eu\/english\/wp-json\/wp\/v2\/types\/page"}],"author":[{"embeddable":true,"href":"https:\/\/etkiniz.eu\/english\/wp-json\/wp\/v2\/users\/1"}],"replies":[{"embeddable":true,"href":"https:\/\/etkiniz.eu\/english\/wp-json\/wp\/v2\/comments?post=424"}],"version-history":[{"count":34,"href":"https:\/\/etkiniz.eu\/english\/wp-json\/wp\/v2\/pages\/424\/revisions"}],"predecessor-version":[{"id":1239,"href":"https:\/\/etkiniz.eu\/english\/wp-json\/wp\/v2\/pages\/424\/revisions\/1239"}],"wp:attachment":[{"href":"https:\/\/etkiniz.eu\/english\/wp-json\/wp\/v2\/media?parent=424"}],"curies":[{"name":"wp","href":"https:\/\/api.w.org\/{rel}","templated":true}]}}